{"id":2117,"date":"2023-04-03T19:25:23","date_gmt":"2023-04-03T17:25:23","guid":{"rendered":"https:\/\/consbasilea.esteri.it\/servizi-consolari\/servizi-per-il-cittadino-straniero\/"},"modified":"2024-01-31T10:36:54","modified_gmt":"2024-01-31T08:36:54","slug":"servizi-per-il-cittadino-straniero","status":"publish","type":"page","link":"https:\/\/consbasilea.esteri.it\/de\/servizi-consolari\/servizi-per-il-cittadino-straniero\/","title":{"rendered":"Dienstleistungen f\u00fcr den ausl\u00e4ndischen B\u00fcrger"},"content":{"rendered":"<div class=\"col-lg-8\">\n<article id=\"post-62\" class=\"post-62 page type-page status-publish hentry\">\n<div class=\"entry-content\">\n<p>Die Botschaften und Konsulate erbringen auch Dienstleistungen f\u00fcr ausl\u00e4ndische B\u00fcrgerinnen und B\u00fcrger. Diese Dienstleistungen umfassen unter anderem die Ausstellung von Einreisevisa f\u00fcr Italien und den Schengen-Raum (in der Schweiz sind die entsprechenden Antr\u00e4ge an das Generalkonsulat der italienischen Republik in Genf zu richten), die Ausstellung von administrativen Dokumenten wie Beglaubigungen, Lebensbescheinigungen und Konformit\u00e4tsbescheinigungen von \u00dcbersetzungen von Urkunden, Rechtswerterkl\u00e4rungen bei Immatrikulationen in italienischen Universit\u00e4ten und Steueridentifikationsnummern. In den von den geltenden Vorschriften vorgesehenen F\u00e4llen \u00fcbermitteln die Botschaften und Konsulate auch Urkunden und Dokumente an italienische Beh\u00f6rden.<\/p>\n<\/div>\n<footer class=\"entry-footer\"><\/footer>\n<\/article>\n<\/div>\n<aside id=\"secondary\" class=\"widget-area col-lg-4 ps-3 d-none d-lg-block d-xl-block affix-parent\">\n<div class=\"sidebar-wrapper affix-top side-affix\"><\/div>\n<\/aside>\n","protected":false},"excerpt":{"rendered":"Die Botschaften und Konsulate erbringen auch Dienstleistungen f\u00fcr ausl\u00e4ndische B\u00fcrgerinnen und B\u00fcrger. Diese Dienstleistungen umfassen unter anderem die Ausstellung von Einreisevisa f\u00fcr Italien und den Schengen-Raum (in der Schweiz sind die entsprechenden Antr\u00e4ge an das Generalkonsulat der italienischen Republik in Genf zu richten), die Ausstellung von administrativen Dokumenten wie Beglaubigungen, Lebensbescheinigungen und Konformit\u00e4tsbescheinigungen von \u00dcbersetzungen [&hellip;]","protected":false},"author":1,"featured_media":0,"parent":2043,"menu_order":2,"comment_status":"closed","ping_status":"closed","template":"","meta":{"footnotes":""},"class_list":["post-2117","page","type-page","status-publish","hentry"],"_links":{"self":[{"href":"https:\/\/consbasilea.esteri.it\/de\/wp-json\/wp\/v2\/pages\/2117","targetHints":{"allow":["GET"]}}],"collection":[{"href":"https:\/\/consbasilea.esteri.it\/de\/wp-json\/wp\/v2\/pages"}],"about":[{"href":"https:\/\/consbasilea.esteri.it\/de\/wp-json\/wp\/v2\/types\/page"}],"author":[{"embeddable":true,"href":"https:\/\/consbasilea.esteri.it\/de\/wp-json\/wp\/v2\/users\/1"}],"replies":[{"embeddable":true,"href":"https:\/\/consbasilea.esteri.it\/de\/wp-json\/wp\/v2\/comments?post=2117"}],"version-history":[{"count":2,"href":"https:\/\/consbasilea.esteri.it\/de\/wp-json\/wp\/v2\/pages\/2117\/revisions"}],"predecessor-version":[{"id":2379,"href":"https:\/\/consbasilea.esteri.it\/de\/wp-json\/wp\/v2\/pages\/2117\/revisions\/2379"}],"up":[{"embeddable":true,"href":"https:\/\/consbasilea.esteri.it\/de\/wp-json\/wp\/v2\/pages\/2043"}],"wp:attachment":[{"href":"https:\/\/consbasilea.esteri.it\/de\/wp-json\/wp\/v2\/media?parent=2117"}],"curies":[{"name":"wp","href":"https:\/\/api.w.org\/{rel}","templated":true}]}}