{"id":2112,"date":"2023-04-03T19:25:07","date_gmt":"2023-04-03T17:25:07","guid":{"rendered":"https:\/\/consbasilea.esteri.it\/servizi-consolari\/servizi-per-il-cittadino-italiano\/"},"modified":"2024-01-26T15:14:47","modified_gmt":"2024-01-26T13:14:47","slug":"servizi-per-il-cittadino-italiano","status":"publish","type":"page","link":"https:\/\/consbasilea.esteri.it\/de\/servizi-consolari\/servizi-per-il-cittadino-italiano\/","title":{"rendered":"F\u00fcr italienische Staatsb\u00fcrger"},"content":{"rendered":"<p>Willkommen in der Rubrik \u00abKonsularische Dienstleistungen\u00bb.<\/p>\n<p>Zur Vereinfachung der Navigation wurde das Dienstleistungsangebot in zwei Abschnitte unterteilt: Dienstleistungen f\u00fcr italienische B\u00fcrgerinnen und B\u00fcrger einerseits und Dienstleistungen f\u00fcr ausl\u00e4ndische B\u00fcrgerinnen und B\u00fcrger andererseits.<\/p>\n<p>Jeder Men\u00fceintrag enth\u00e4lt die wesentlichen spezifischen Angaben zur Anforderung der einzelnen Dienstleistungen.<\/p>\n<p>Die Publikationen im konsularischen Register sind unter einem eigenen Men\u00fceintrag zu finden.<\/p>\n<p>Wir w\u00fcnschen Ihnen eine erfolgreiche Lekt\u00fcre!<\/p>\n","protected":false},"excerpt":{"rendered":"Willkommen in der Rubrik \u00abKonsularische Dienstleistungen\u00bb. Zur Vereinfachung der Navigation wurde das Dienstleistungsangebot in zwei Abschnitte unterteilt: Dienstleistungen f\u00fcr italienische B\u00fcrgerinnen und B\u00fcrger einerseits und Dienstleistungen f\u00fcr ausl\u00e4ndische B\u00fcrgerinnen und B\u00fcrger andererseits. Jeder Men\u00fceintrag enth\u00e4lt die wesentlichen spezifischen Angaben zur Anforderung der einzelnen Dienstleistungen. Die Publikationen im konsularischen Register sind unter einem eigenen Men\u00fceintrag zu [&hellip;]","protected":false},"author":1,"featured_media":0,"parent":2043,"menu_order":0,"comment_status":"closed","ping_status":"closed","template":"","meta":{"footnotes":""},"class_list":["post-2112","page","type-page","status-publish","hentry"],"_links":{"self":[{"href":"https:\/\/consbasilea.esteri.it\/de\/wp-json\/wp\/v2\/pages\/2112","targetHints":{"allow":["GET"]}}],"collection":[{"href":"https:\/\/consbasilea.esteri.it\/de\/wp-json\/wp\/v2\/pages"}],"about":[{"href":"https:\/\/consbasilea.esteri.it\/de\/wp-json\/wp\/v2\/types\/page"}],"author":[{"embeddable":true,"href":"https:\/\/consbasilea.esteri.it\/de\/wp-json\/wp\/v2\/users\/1"}],"replies":[{"embeddable":true,"href":"https:\/\/consbasilea.esteri.it\/de\/wp-json\/wp\/v2\/comments?post=2112"}],"version-history":[{"count":2,"href":"https:\/\/consbasilea.esteri.it\/de\/wp-json\/wp\/v2\/pages\/2112\/revisions"}],"predecessor-version":[{"id":2213,"href":"https:\/\/consbasilea.esteri.it\/de\/wp-json\/wp\/v2\/pages\/2112\/revisions\/2213"}],"up":[{"embeddable":true,"href":"https:\/\/consbasilea.esteri.it\/de\/wp-json\/wp\/v2\/pages\/2043"}],"wp:attachment":[{"href":"https:\/\/consbasilea.esteri.it\/de\/wp-json\/wp\/v2\/media?parent=2112"}],"curies":[{"name":"wp","href":"https:\/\/api.w.org\/{rel}","templated":true}]}}