{"id":2102,"date":"2023-04-03T19:17:18","date_gmt":"2023-04-03T17:17:18","guid":{"rendered":"https:\/\/consbasilea.esteri.it\/italia-e-svizzera\/diplomazia-scientifica\/"},"modified":"2024-02-01T11:58:23","modified_gmt":"2024-02-01T09:58:23","slug":"diplomazia-scientifica","status":"publish","type":"page","link":"https:\/\/consbasilea.esteri.it\/de\/italia-e-svizzera\/diplomazia-scientifica\/","title":{"rendered":"Wissenschaftliche Diplomatie"},"content":{"rendered":"<div><\/div>\n<div>\n<p><span lang=\"DE-CH\"><a href=\"https:\/\/www.esteri.it\/it\/\">Das Ministerium f\u00fcr ausw\u00e4rtige Angelegenheiten und internationale Zusammenarbeit (MAECI)<\/a> f\u00f6rdert die Internationalisierung der italienischen Forschung und der wissenschaftlichen Diplomatie als grundlegende Instrumente f\u00fcr die Entwicklung der Zusammenarbeit zwischen Italien und dem Rest der Welt. Grundlage der T\u00e4tigkeit des MAECI ist die \u00dcberzeugung, dass es keine wirtschaftliche Entwicklung ohne Innovation und Unterst\u00fctzung der wissenschaftlichen Forschung geben kann.<\/span><\/p>\n<\/div>\n<div>\n<p><span lang=\"DE-CH\"><a href=\"https:\/\/www.esteri.it\/it\/diplomazia-culturale-e-diplomazia-scientifica\/cooperscientificatecnologica\/\">Die Generaldirektion f\u00fcr die F\u00f6rderung des L\u00e4ndersystems (DGSP)<\/a> des <a href=\"https:\/\/www.esteri.it\/it\/\">MAECI<\/a> nutzt ein <a href=\"https:\/\/www.esteri.it\/it\/diplomazia-culturale-e-diplomazia-scientifica\/cooperscientificatecnologica\/reteaddettiscientificitecnologici\/\">Netzwerk von Wissenschaftsattach\u00e9s und Expertinnen bzw<\/a>. Experten (mehrheitlich aus den Bereichen des Staates und der \u00f6ffentlichen Einrichtungen), die die Exzellenzbereiche der wissenschaftlichen und technologischen Forschung sowie die Etablierung italienischer Unternehmen in Spitzentechnologiebereichen f\u00f6rdern.<\/span><\/p>\n<\/div>\n<div>\n<p><span lang=\"DE-CH\">Das B\u00fcro des Wissenschaftsattach\u00e9 in der Schweiz befindet sich beim <a href=\"https:\/\/conszurigo.esteri.it\/\">italienischen Generalkonsulat in Z\u00fcrich<\/a>. Weitere Informationen finden Sie <a href=\"https:\/\/ambberna.esteri.it\/it\/italia-e-svizzera\/diplomazia-scientifica\/chi-siamo\/\">hier.<\/a><\/span><\/p>\n<\/div>\n<div>\n<p><span lang=\"DE-CH\">Kontakt: <a href=\"mailto:zurigo.scienza@esteri.it\">zurigo.scienza@esteri.it<\/a><\/span><\/p>\n<\/div>\n<p><img loading=\"lazy\" decoding=\"async\" class=\"alignnone size-full wp-image-1313 img-fluid\" src=\"https:\/\/consbasilea.esteri.it\/wp-content\/uploads\/2023\/11\/logo-diplomazia-scientifica-positivo-300x88-1.jpg\" alt=\"\" width=\"300\" height=\"88\" \/><\/p>\n","protected":false},"excerpt":{"rendered":"Das Ministerium f\u00fcr ausw\u00e4rtige Angelegenheiten und internationale Zusammenarbeit (MAECI) f\u00f6rdert die Internationalisierung der italienischen Forschung und der wissenschaftlichen Diplomatie als grundlegende Instrumente f\u00fcr die Entwicklung der Zusammenarbeit zwischen Italien und dem Rest der Welt. Grundlage der T\u00e4tigkeit des MAECI ist die \u00dcberzeugung, dass es keine wirtschaftliche Entwicklung ohne Innovation und Unterst\u00fctzung der wissenschaftlichen Forschung geben [&hellip;]","protected":false},"author":1,"featured_media":0,"parent":2039,"menu_order":4,"comment_status":"closed","ping_status":"closed","template":"","meta":{"footnotes":""},"class_list":["post-2102","page","type-page","status-publish","hentry"],"_links":{"self":[{"href":"https:\/\/consbasilea.esteri.it\/de\/wp-json\/wp\/v2\/pages\/2102","targetHints":{"allow":["GET"]}}],"collection":[{"href":"https:\/\/consbasilea.esteri.it\/de\/wp-json\/wp\/v2\/pages"}],"about":[{"href":"https:\/\/consbasilea.esteri.it\/de\/wp-json\/wp\/v2\/types\/page"}],"author":[{"embeddable":true,"href":"https:\/\/consbasilea.esteri.it\/de\/wp-json\/wp\/v2\/users\/1"}],"replies":[{"embeddable":true,"href":"https:\/\/consbasilea.esteri.it\/de\/wp-json\/wp\/v2\/comments?post=2102"}],"version-history":[{"count":3,"href":"https:\/\/consbasilea.esteri.it\/de\/wp-json\/wp\/v2\/pages\/2102\/revisions"}],"predecessor-version":[{"id":2433,"href":"https:\/\/consbasilea.esteri.it\/de\/wp-json\/wp\/v2\/pages\/2102\/revisions\/2433"}],"up":[{"embeddable":true,"href":"https:\/\/consbasilea.esteri.it\/de\/wp-json\/wp\/v2\/pages\/2039"}],"wp:attachment":[{"href":"https:\/\/consbasilea.esteri.it\/de\/wp-json\/wp\/v2\/media?parent=2102"}],"curies":[{"name":"wp","href":"https:\/\/api.w.org\/{rel}","templated":true}]}}