{"id":2101,"date":"2023-04-03T19:17:04","date_gmt":"2023-04-03T17:17:04","guid":{"rendered":"https:\/\/consbasilea.esteri.it\/italia-e-svizzera\/diplomazia-culturale\/"},"modified":"2024-09-18T13:54:20","modified_gmt":"2024-09-18T11:54:20","slug":"diplomazia-culturale","status":"publish","type":"page","link":"https:\/\/consbasilea.esteri.it\/de\/italia-e-svizzera\/diplomazia-culturale\/","title":{"rendered":"Kulturdiplomatie"},"content":{"rendered":"<p style=\"font-weight: 400;\"><strong>Kulturelle Diplomatie<\/strong><\/p>\n<p style=\"font-weight: 400;\">Die kulturellen Beziehungen zwischen Italien und der Schweiz stellen eine langj\u00e4hrige und stetig sich entwickelnde Exzellenz dar. Sie finden fruchtbaren Boden in einem vielschichtigen Netzwerk von Zusammenarbeit zwischen Verwaltungen, Universit\u00e4ten, Forschungseinrichtungen, Kultureinrichtungen, Vereinen, Schulen und Unternehmen der beiden L\u00e4nder. Dies sind Kooperationen, die das <a href=\"https:\/\/www.esteri.it\/it\/diplomazia-culturale-e-diplomazia-scientifica\/cultura\/\">diplomatische Netzwerk<\/a> im Laufe der Jahre aufgebaut und gefestigt hat. Ein starker Antrieb zur Vertiefung der kulturellen Beziehungen wird auch durch die breite und qualifizierte Community von Schweizer B\u00fcrgerinnen und B\u00fcrgern italienischer Herkunft gegeben.<\/p>\n<p style=\"font-weight: 400;\">Die von der Botschaft in Bern koordinierte kulturelle Zusammenarbeit kann auf das italienische diplomatische und konsularische Netzwerk in der Schweiz und das <a href=\"https:\/\/iiczurigo.esteri.it\/de\/\">italienische Kulturinstitut Z\u00fcrich<\/a> zur\u00fcckgreifen. Zusammen mit Schulen, Universit\u00e4tslehrst\u00fchlen und Forschungszentren bilden sie ein Netzwerk von \u00e4usserst wertvollen Instrumenten zur F\u00f6rderung der italienischen Kultur und Sprache, in einem Land wie der Schweiz, in dem Italienisch eine der Landessprachen ist.<\/p>\n<p style=\"font-weight: 400;\">Die Botschaft und das gesamte diplomatisch-konsularische Netzwerk organisieren jedes Jahr Veranstaltungen zur Kultur, Sprache und Wissenschaft Italiens. Dazu geh\u00f6ren die Wochen der K\u00fcche und der Sprache, Filmfestivals, der \u00abTag des Designs\u00bb, Ausstellungen, Konzerte und Konferenzen in verschiedenen St\u00e4dten und Kantonen.<\/p>\n<p style=\"font-weight: 400;\">In Z\u00fcrich gibt es eine der acht italienischen Auslandsschulen, die \u00abCasa d\u2019Italia\u00bb. Dar\u00fcber hinaus sind in der Schweiz 5 italienische parit\u00e4tische Schulen, sieben Tr\u00e4gerschaften\/Promotoren und 21 Komitees der Societ\u00e0 Dante Alighieri aktiv.<\/p>\n<p style=\"font-weight: 400;\"><strong>Bilaterale Abkommen<\/strong><\/p>\n<p style=\"font-weight: 400;\">Das am 28. Januar 1982 in Bern unterzeichnete Kulturprotokoll zwischen Italien und der Schweiz hat eine \u00abBeratende schweizerisch-italienische Kulturkommission\u00bb (in Umgangssprache \u00abConsulta\u00bb benannt) ins Leben gerufen, die sich abwechselnd in der Schweiz und in Italien treffen soll. Die Schlussfolgerungen der einzelnen Sitzungen dienen als kulturelles Exekutivprogramm. Die letzte Sitzung fand am 15. M\u00e4rz 2024 in Rome statt.<\/p>\n","protected":false},"excerpt":{"rendered":"Kulturelle Diplomatie Die kulturellen Beziehungen zwischen Italien und der Schweiz stellen eine langj\u00e4hrige und stetig sich entwickelnde Exzellenz dar. Sie finden fruchtbaren Boden in einem vielschichtigen Netzwerk von Zusammenarbeit zwischen Verwaltungen, Universit\u00e4ten, Forschungseinrichtungen, Kultureinrichtungen, Vereinen, Schulen und Unternehmen der beiden L\u00e4nder. Dies sind Kooperationen, die das diplomatische Netzwerk im Laufe der Jahre aufgebaut und gefestigt [&hellip;]","protected":false},"author":1,"featured_media":0,"parent":2039,"menu_order":2,"comment_status":"closed","ping_status":"closed","template":"","meta":{"footnotes":""},"class_list":["post-2101","page","type-page","status-publish","hentry"],"_links":{"self":[{"href":"https:\/\/consbasilea.esteri.it\/de\/wp-json\/wp\/v2\/pages\/2101","targetHints":{"allow":["GET"]}}],"collection":[{"href":"https:\/\/consbasilea.esteri.it\/de\/wp-json\/wp\/v2\/pages"}],"about":[{"href":"https:\/\/consbasilea.esteri.it\/de\/wp-json\/wp\/v2\/types\/page"}],"author":[{"embeddable":true,"href":"https:\/\/consbasilea.esteri.it\/de\/wp-json\/wp\/v2\/users\/1"}],"replies":[{"embeddable":true,"href":"https:\/\/consbasilea.esteri.it\/de\/wp-json\/wp\/v2\/comments?post=2101"}],"version-history":[{"count":3,"href":"https:\/\/consbasilea.esteri.it\/de\/wp-json\/wp\/v2\/pages\/2101\/revisions"}],"predecessor-version":[{"id":3003,"href":"https:\/\/consbasilea.esteri.it\/de\/wp-json\/wp\/v2\/pages\/2101\/revisions\/3003"}],"up":[{"embeddable":true,"href":"https:\/\/consbasilea.esteri.it\/de\/wp-json\/wp\/v2\/pages\/2039"}],"wp:attachment":[{"href":"https:\/\/consbasilea.esteri.it\/de\/wp-json\/wp\/v2\/media?parent=2101"}],"curies":[{"name":"wp","href":"https:\/\/api.w.org\/{rel}","templated":true}]}}