{"id":2094,"date":"2023-04-03T19:16:29","date_gmt":"2023-04-03T17:16:29","guid":{"rendered":"https:\/\/consbasilea.esteri.it\/chi-siamo\/la-rete-consolare\/"},"modified":"2024-01-29T14:30:07","modified_gmt":"2024-01-29T12:30:07","slug":"la-rete-consolare","status":"publish","type":"page","link":"https:\/\/consbasilea.esteri.it\/de\/chi-siamo\/la-rete-consolare\/","title":{"rendered":"Das konsularische netz"},"content":{"rendered":"<div class=\"col-lg-8\">\n<article id=\"post-39\" class=\"post-39 page type-page status-publish hentry\">\n<div class=\"entry-content\">\n<p><a href=\"https:\/\/www.esteri.it\/it\/ministero\/struttura\/laretediplomatica\/\" target=\"_blank\" rel=\"noopener\">Diplomatische Vertretungen der italienischen Republik im Ausland<\/a><\/p>\n<p><a title=\"Weiter zum Sitz der italienischen Botschaft in Bern\" href=\"http:\/\/www.ambberna.esteri.it\/\">Italienische Botschaft in Bern<\/a><br \/>\nElfenstrasse 14 3006 Bern<br \/>\nTel.: +41 (0)31 350 07 77<br \/>\nFax: +41 (0)31 350 07 11<br \/>\nE-Mail:\u00a0<a title=\"ambasciata.berna@esteri.it\">ambasciata.berna@esteri.it<\/a><br \/>\nKonsularkreis: Schweizerische Eidgenossenschaft und Liechtenstein<\/p>\n<p><a href=\"https:\/\/ambberna.esteri.it\/ambasciata_berna\/ambasciata\/la-cancelleria-consolare.html\">Konsularische Kanzlei der italienischen Botschaft in Bern<\/a><br \/>\nWilladingweg 23 \u2013\u00a03006 Bern<br \/>\nTel.(Zentrale): +41 (0)31 390 10 10<br \/>\nTel. (Notfallnummer): +41 (0)79 670 79 31<br \/>\nE-Mail Hauptquartier:\u00a0<a>berna.consolare@esteri.it<\/a><br \/>\nLeiter der konsularischen Kanzlei:\u00a0Dott. Daniele BIANCHI<br \/>\nKonsularbezirk:\u00a0Bern, Neuenburg, Freiburg<\/p>\n<p><a title=\"Weiter zur Website des Konsulats der italienischen Republik, Genf. Hinweis: Mit diesem Link werden Sie auf eine externe Seite weitergeleitet.\" href=\"https:\/\/consginevra.esteri.it\/\">Generalkonsulat der italienischen Republik in Genf<\/a><br \/>\n14, Rue Charles Galland \u2013\u00a01206 Genf<br \/>\nTel. (Zentrale): +41 (0)22 839 67 44<br \/>\nTel. (Notfallnummer): +41 (0)79 325 39 78<br \/>\nFax: +41 (0)22 839 67 45<br \/>\nE-Mail Hauptquartier:\u00a0<a>consolato.ginevra@esteri.it<\/a><br \/>\nGeneralkonsul:\u00a0Tomaso Pietro MARCHEGIANI<br \/>\nKonsularbezirk:\u00a0Genf, Waadtland, Wallis<\/p>\n<p><a title=\"Weiter zur Website des Konsulats der italienischen Republik, Lugano. Hinweis: Mit diesem Link werden Sie auf eine externe Seite weitergeleitet.\" href=\"https:\/\/conslugano.esteri.it\/\">Generalkonsulat der italienischen Republik in Lugano<\/a><br \/>\nVia Ferruccio Pelli 16 \u2013\u00a06900 Lugano<br \/>\nTel. (Zentrale): +41 (0)91 913 30 50<br \/>\nTel. (Notfallnummer): +41 (0)79 670 91 66<br \/>\nFax: +41 (0)91 923 75 78<br \/>\nE-Mail Hauptquartier:\u00a0<a>consolato.lugano@esteri.it<\/a><br \/>\nGeneralkonsul: Gabriele MEUCCI<br \/>\nKonsularbezirk:\u00a0Tessin<\/p>\n<p><a title=\"Weiter zur Website des Konsulats der italienischen Republik, Z\u00fcrich. Hinweis: Mit diesem Link werden Sie auf eine externe Seite weitergeleitet.\" href=\"https:\/\/conszurigo.esteri.it\/\">Generalkonsulat der italienischen Republik in Z\u00fcrich<\/a><br \/>\nT\u00f6distrasse 65 \u2013\u00a08002 Z\u00fcrich<br \/>\nTel. (Zentrale): +41 (0)44 286 61 11<br \/>\nTel. (Notfallnummer): +41 (0)79 675 32 71<br \/>\nFax: +41 (0)44 201 16 11<br \/>\nE-Mail Hauptquartier:\u00a0<a>segreteria.zurigo@esteri.it<\/a><br \/>\nGeneralkonsul:\u00a0Gabriele ALTANA<br \/>\nKonsularbezirk:\u00a0Glarus, Luzern, Schaffhausen, Obwalden, Nidwalden, Schwyz, Uri, Zug, Z\u00fcrich, Appenzell Innerrhoden\/Ausserrhoden, Graub\u00fcnden, St. Gallen, Thurgau. Das Generalkonsulat ist auch f\u00fcr das F\u00fcrstentum Liechtenstein zust\u00e4ndig.<\/p>\n<\/div>\n<footer class=\"entry-footer\"><\/footer>\n<\/article>\n<\/div>\n<aside id=\"secondary\" class=\"widget-area col-lg-4 ps-3 d-none d-lg-block d-xl-block affix-parent\">\n<div class=\"sidebar-wrapper affix-top side-affix\"><\/div>\n<\/aside>\n","protected":false},"excerpt":{"rendered":"Diplomatische Vertretungen der italienischen Republik im Ausland Italienische Botschaft in Bern Elfenstrasse 14 3006 Bern Tel.: +41 (0)31 350 07 77 Fax: +41 (0)31 350 07 11 E-Mail:\u00a0ambasciata.berna@esteri.it Konsularkreis: Schweizerische Eidgenossenschaft und Liechtenstein Konsularische Kanzlei der italienischen Botschaft in Bern Willadingweg 23 \u2013\u00a03006 Bern Tel.(Zentrale): +41 (0)31 390 10 10 Tel. (Notfallnummer): +41 (0)79 670 [&hellip;]","protected":false},"author":1,"featured_media":0,"parent":2037,"menu_order":12,"comment_status":"closed","ping_status":"closed","template":"","meta":{"footnotes":""},"class_list":["post-2094","page","type-page","status-publish","hentry"],"_links":{"self":[{"href":"https:\/\/consbasilea.esteri.it\/de\/wp-json\/wp\/v2\/pages\/2094","targetHints":{"allow":["GET"]}}],"collection":[{"href":"https:\/\/consbasilea.esteri.it\/de\/wp-json\/wp\/v2\/pages"}],"about":[{"href":"https:\/\/consbasilea.esteri.it\/de\/wp-json\/wp\/v2\/types\/page"}],"author":[{"embeddable":true,"href":"https:\/\/consbasilea.esteri.it\/de\/wp-json\/wp\/v2\/users\/1"}],"replies":[{"embeddable":true,"href":"https:\/\/consbasilea.esteri.it\/de\/wp-json\/wp\/v2\/comments?post=2094"}],"version-history":[{"count":3,"href":"https:\/\/consbasilea.esteri.it\/de\/wp-json\/wp\/v2\/pages\/2094\/revisions"}],"predecessor-version":[{"id":2289,"href":"https:\/\/consbasilea.esteri.it\/de\/wp-json\/wp\/v2\/pages\/2094\/revisions\/2289"}],"up":[{"embeddable":true,"href":"https:\/\/consbasilea.esteri.it\/de\/wp-json\/wp\/v2\/pages\/2037"}],"wp:attachment":[{"href":"https:\/\/consbasilea.esteri.it\/de\/wp-json\/wp\/v2\/media?parent=2094"}],"curies":[{"name":"wp","href":"https:\/\/api.w.org\/{rel}","templated":true}]}}