{"id":2091,"date":"2023-04-03T19:16:15","date_gmt":"2023-04-03T17:16:15","guid":{"rendered":"https:\/\/consbasilea.esteri.it\/chi-siamo\/numeri-di-emergenza\/"},"modified":"2024-01-26T14:45:32","modified_gmt":"2024-01-26T12:45:32","slug":"numeri-di-emergenza","status":"publish","type":"page","link":"https:\/\/consbasilea.esteri.it\/de\/chi-siamo\/numeri-di-emergenza\/","title":{"rendered":"Notfallnummer"},"content":{"rendered":"<p>An Samstagen, Sonntagen und Feiertagen ist folgende Notfallnummer\u00a0<strong>von 09:00 bis 20:00 Uhr<\/strong>\u00a0besetzt:\u00a0<strong>0041 79 622 62 61<\/strong><\/p>\n<p>Bitte verwenden Sie diese Nummer\u00a0<strong>ausschliesslich<\/strong>\u00a0in effektiven Notlagen (d. h. bei unvorhersehbaren und offensichtlich schwerwiegenden Ereignissen, bei denen ein Eingreifen am Wochenende oder Feiertag zwingend erforderlich ist).<\/p>\n<p><strong>\u00dcber diese Nummer werden keine Ausk\u00fcnfte zu administrativen Vorg\u00e4ngen (Terminvereinbarungen f\u00fcr die Ausstellung von Reisep\u00e4ssen und Identit\u00e4tskarten, Register, Zivilstand etc.) erteilt.<\/strong><\/p>\n","protected":false},"excerpt":{"rendered":"An Samstagen, Sonntagen und Feiertagen ist folgende Notfallnummer\u00a0von 09:00 bis 20:00 Uhr\u00a0besetzt:\u00a00041 79 622 62 61 Bitte verwenden Sie diese Nummer\u00a0ausschliesslich\u00a0in effektiven Notlagen (d. h. bei unvorhersehbaren und offensichtlich schwerwiegenden Ereignissen, bei denen ein Eingreifen am Wochenende oder Feiertag zwingend erforderlich ist). \u00dcber diese Nummer werden keine Ausk\u00fcnfte zu administrativen Vorg\u00e4ngen (Terminvereinbarungen f\u00fcr die Ausstellung [&hellip;]","protected":false},"author":1,"featured_media":0,"parent":2037,"menu_order":10,"comment_status":"closed","ping_status":"closed","template":"","meta":{"footnotes":""},"class_list":["post-2091","page","type-page","status-publish","hentry"],"_links":{"self":[{"href":"https:\/\/consbasilea.esteri.it\/de\/wp-json\/wp\/v2\/pages\/2091","targetHints":{"allow":["GET"]}}],"collection":[{"href":"https:\/\/consbasilea.esteri.it\/de\/wp-json\/wp\/v2\/pages"}],"about":[{"href":"https:\/\/consbasilea.esteri.it\/de\/wp-json\/wp\/v2\/types\/page"}],"author":[{"embeddable":true,"href":"https:\/\/consbasilea.esteri.it\/de\/wp-json\/wp\/v2\/users\/1"}],"replies":[{"embeddable":true,"href":"https:\/\/consbasilea.esteri.it\/de\/wp-json\/wp\/v2\/comments?post=2091"}],"version-history":[{"count":2,"href":"https:\/\/consbasilea.esteri.it\/de\/wp-json\/wp\/v2\/pages\/2091\/revisions"}],"predecessor-version":[{"id":2177,"href":"https:\/\/consbasilea.esteri.it\/de\/wp-json\/wp\/v2\/pages\/2091\/revisions\/2177"}],"up":[{"embeddable":true,"href":"https:\/\/consbasilea.esteri.it\/de\/wp-json\/wp\/v2\/pages\/2037"}],"wp:attachment":[{"href":"https:\/\/consbasilea.esteri.it\/de\/wp-json\/wp\/v2\/media?parent=2091"}],"curies":[{"name":"wp","href":"https:\/\/api.w.org\/{rel}","templated":true}]}}