{"id":2051,"date":"2023-04-03T19:08:27","date_gmt":"2023-04-03T17:08:27","guid":{"rendered":"https:\/\/consbasilea.esteri.it\/amministrazione-trasparente\/"},"modified":"2024-10-30T15:19:53","modified_gmt":"2024-10-30T13:19:53","slug":"amministrazione-trasparente","status":"publish","type":"page","link":"https:\/\/consbasilea.esteri.it\/de\/amministrazione-trasparente\/","title":{"rendered":"Transparenz in der Verwaltung"},"content":{"rendered":"<p>Die diplomatisch-konsularischen Vertretungen im Ausland fungieren als periphere Einheiten des Ministeriums f\u00fcr ausw\u00e4rtige Angelegenheiten und internationale Zusammenarbeit. Dieses Ministerium gew\u00e4hrleistet die Transparenz seiner Daten durch den Abschnitt \u00abTransparenz in der Verwaltung\u00bb auf der Website <a href=\"https:\/\/www.esteri.it\/it\">www.esteri.it<\/a>. Die Inhalte dieser Seite beziehen sich gr\u00f6sstenteils auf die entsprechenden Abschnitte der Website der Zentralverwaltung.<\/p>\n<p><strong>F\u00fcr weitere Informationen besuchen Sie bitte die Website der Nationalen Antikorruptionsbeh\u00f6rde<\/strong>\u00a0(<a href=\"https:\/\/www.anticorruzione.it\/home\">ANAC)<\/a><\/p>\n<p>&nbsp;<\/p>\n","protected":false},"excerpt":{"rendered":"Die diplomatisch-konsularischen Vertretungen im Ausland fungieren als periphere Einheiten des Ministeriums f\u00fcr ausw\u00e4rtige Angelegenheiten und internationale Zusammenarbeit. Dieses Ministerium gew\u00e4hrleistet die Transparenz seiner Daten durch den Abschnitt \u00abTransparenz in der Verwaltung\u00bb auf der Website www.esteri.it. Die Inhalte dieser Seite beziehen sich gr\u00f6sstenteils auf die entsprechenden Abschnitte der Website der Zentralverwaltung. F\u00fcr weitere Informationen besuchen Sie [&hellip;]","protected":false},"author":1,"featured_media":0,"parent":0,"menu_order":12,"comment_status":"closed","ping_status":"closed","template":"","meta":{"footnotes":""},"class_list":["post-2051","page","type-page","status-publish","hentry"],"_links":{"self":[{"href":"https:\/\/consbasilea.esteri.it\/de\/wp-json\/wp\/v2\/pages\/2051","targetHints":{"allow":["GET"]}}],"collection":[{"href":"https:\/\/consbasilea.esteri.it\/de\/wp-json\/wp\/v2\/pages"}],"about":[{"href":"https:\/\/consbasilea.esteri.it\/de\/wp-json\/wp\/v2\/types\/page"}],"author":[{"embeddable":true,"href":"https:\/\/consbasilea.esteri.it\/de\/wp-json\/wp\/v2\/users\/1"}],"replies":[{"embeddable":true,"href":"https:\/\/consbasilea.esteri.it\/de\/wp-json\/wp\/v2\/comments?post=2051"}],"version-history":[{"count":5,"href":"https:\/\/consbasilea.esteri.it\/de\/wp-json\/wp\/v2\/pages\/2051\/revisions"}],"predecessor-version":[{"id":3039,"href":"https:\/\/consbasilea.esteri.it\/de\/wp-json\/wp\/v2\/pages\/2051\/revisions\/3039"}],"wp:attachment":[{"href":"https:\/\/consbasilea.esteri.it\/de\/wp-json\/wp\/v2\/media?parent=2051"}],"curies":[{"name":"wp","href":"https:\/\/api.w.org\/{rel}","templated":true}]}}