{"id":2043,"date":"2023-04-03T18:24:11","date_gmt":"2023-04-03T16:24:11","guid":{"rendered":"https:\/\/consbasilea.esteri.it\/servizi-consolari\/"},"modified":"2024-01-30T10:20:57","modified_gmt":"2024-01-30T08:20:57","slug":"servizi-consolari","status":"publish","type":"page","link":"https:\/\/consbasilea.esteri.it\/de\/servizi-consolari\/","title":{"rendered":"Konsularische Dienstleistungen"},"content":{"rendered":"<div>\n<p>Willkommen in der Rubrik \u00abKonsularische Dienstleistungen\u00bb.<\/p>\n<\/div>\n<div>\n<p>Zur Vereinfachung der Navigation wurde das Dienstleistungsangebot in zwei Abschnitte unterteilt:\u00a0<a href=\"https:\/\/consbasilea.esteri.it\/de\/servizi-consolari\/servizi-per-il-cittadino-italiano\/\" target=\"_blank\" rel=\"noopener\">Dienstleistungen f\u00fcr italienische B\u00fcrgerinnen und B\u00fcrger<\/a>\u00a0einerseits und\u00a0<a href=\"https:\/\/consbasilea.esteri.it\/de\/servizi-consolari\/servizi-per-il-cittadino-straniero\/\" target=\"_blank\" rel=\"noopener\">Dienstleistungen f\u00fcr ausl\u00e4ndische B\u00fcrgerinnen und B\u00fcrger\u00a0<\/a>andererseits.<\/p>\n<\/div>\n<div>\n<p>Jeder Men\u00fceintrag enth\u00e4lt die wesentlichen spezifischen Angaben zur Anforderung der einzelnen Dienstleistungen.<\/p>\n<\/div>\n<div>\n<p>Die Publikationen im\u00a0<a href=\"https:\/\/consbasilea.esteri.it\/de\/servizi-consolari\/servizi-per-il-cittadino-italiano\/altri-servizi\/albo-consolare\/\" target=\"_blank\" rel=\"noopener\">konsularischen Register\u00a0<\/a>sind unter einem eigenen Men\u00fceintrag zu finden.<\/p>\n<\/div>\n<div>\n<p>Weitere Angaben erhalten Sie bei der f\u00fcr die jeweilige Dienstleistung zust\u00e4ndigen Amtsstelle. Diese finden Sie in der Rubrik\u00a0<a href=\"https:\/\/consbasilea.esteri.it\/de\/chi-siamo\/contatti\/\" target=\"_blank\" rel=\"noopener\">Kontakte.<\/a><\/p>\n<\/div>\n<div>\n<p>Wir w\u00fcnschen Ihnen eine erfolgreiche Lekt\u00fcre!<\/p>\n<\/div>\n","protected":false},"excerpt":{"rendered":"Willkommen in der Rubrik \u00abKonsularische Dienstleistungen\u00bb. Zur Vereinfachung der Navigation wurde das Dienstleistungsangebot in zwei Abschnitte unterteilt:\u00a0Dienstleistungen f\u00fcr italienische B\u00fcrgerinnen und B\u00fcrger\u00a0einerseits und\u00a0Dienstleistungen f\u00fcr ausl\u00e4ndische B\u00fcrgerinnen und B\u00fcrger\u00a0andererseits. Jeder Men\u00fceintrag enth\u00e4lt die wesentlichen spezifischen Angaben zur Anforderung der einzelnen Dienstleistungen. Die Publikationen im\u00a0konsularischen Register\u00a0sind unter einem eigenen Men\u00fceintrag zu finden. Weitere Angaben erhalten Sie bei [&hellip;]","protected":false},"author":1,"featured_media":0,"parent":0,"menu_order":6,"comment_status":"closed","ping_status":"closed","template":"","meta":{"footnotes":""},"class_list":["post-2043","page","type-page","status-publish","hentry"],"_links":{"self":[{"href":"https:\/\/consbasilea.esteri.it\/de\/wp-json\/wp\/v2\/pages\/2043","targetHints":{"allow":["GET"]}}],"collection":[{"href":"https:\/\/consbasilea.esteri.it\/de\/wp-json\/wp\/v2\/pages"}],"about":[{"href":"https:\/\/consbasilea.esteri.it\/de\/wp-json\/wp\/v2\/types\/page"}],"author":[{"embeddable":true,"href":"https:\/\/consbasilea.esteri.it\/de\/wp-json\/wp\/v2\/users\/1"}],"replies":[{"embeddable":true,"href":"https:\/\/consbasilea.esteri.it\/de\/wp-json\/wp\/v2\/comments?post=2043"}],"version-history":[{"count":4,"href":"https:\/\/consbasilea.esteri.it\/de\/wp-json\/wp\/v2\/pages\/2043\/revisions"}],"predecessor-version":[{"id":2294,"href":"https:\/\/consbasilea.esteri.it\/de\/wp-json\/wp\/v2\/pages\/2043\/revisions\/2294"}],"wp:attachment":[{"href":"https:\/\/consbasilea.esteri.it\/de\/wp-json\/wp\/v2\/media?parent=2043"}],"curies":[{"name":"wp","href":"https:\/\/api.w.org\/{rel}","templated":true}]}}